{"id":10497,"date":"2025-09-10T23:49:30","date_gmt":"2025-09-10T23:49:30","guid":{"rendered":"https:\/\/timeandconsequences.com\/?post_type=product&#038;p=10497"},"modified":"2025-12-19T05:40:12","modified_gmt":"2025-12-19T05:40:12","slug":"tiempo-y-consecuencias","status":"publish","type":"product","link":"https:\/\/timeandconsequences.com\/es\/product\/tiempo-y-consecuencias\/","title":{"rendered":"TIEMPO Y CONSECUENCIAS"},"content":{"rendered":"<p class=\"p1\">\u00bfPodr\u00e1 solucionar Turquesa sus problemas de puntualidad?<\/p>\n<p class=\"p1\">Turquesa Nez Timerhorn <span class=\"s1\"><i>parece <\/i><\/span>tenerlo todo. Es preciosa. Tiene muchos amigos y admiradores. Su novio Ed, que tiene un f\u00edsico de supermodelo y, adem\u00e1s de ser el capit\u00e1n del equipo de baloncesto, es tambi\u00e9n el mejor de su clase, la adora. Incluso consigue un trabajo de pr\u00e1cticas excelente. Turquesa y Ed son los favoritos para ser elegidos Rey y Reina del baile de graduaci\u00f3n. Solamente hay un problema: Ed es M\u00edster Puntualidad, pero Turquesa nunca llega a tiempo <span class=\"s1\"><i>a ning\u00fan sitio<\/i><\/span>.<\/p>\n<p class=\"p1\">Te reir\u00e1s much\u00edsimo con las aventuras de Turquesa mientras trata de controlar su adicci\u00f3n a llegar tarde. \u00bfSuperar\u00e1 este problema? Esta divertida historia te har\u00e1 ver desde nuevos puntos de vista tanto el tiempo como su significado, comprobando c\u00f3mo puede convertirse en un puente o en un abismo entre las personas.<\/p>\n","protected":false},"excerpt":{"rendered":"<p>\u00bfPodr\u00e1 solucionar Turquesa sus problemas de puntualidad? Turquesa Nez Timerhorn parece tenerlo todo. Es preciosa. Tiene muchos amigos y admiradores. Su novio Ed, que tiene un f\u00edsico de supermodelo y, adem\u00e1s de ser el capit\u00e1n del equipo de baloncesto, es tambi\u00e9n el mejor de su clase, la adora. Incluso consigue un trabajo de pr\u00e1cticas excelente. [&hellip;]<\/p>\n","protected":false},"featured_media":10486,"comment_status":"open","ping_status":"closed","template":"","meta":[],"product_brand":[],"product_cat":[86],"product_tag":[],"class_list":{"0":"post-10497","1":"product","2":"type-product","3":"status-publish","4":"has-post-thumbnail","6":"product_cat-paperback","8":"first","9":"instock","10":"taxable","11":"shipping-taxable","12":"purchasable","13":"product-type-simple"},"yoast_head":"<!-- This site is optimized with the Yoast SEO plugin v27.3 - https:\/\/yoast.com\/product\/yoast-seo-wordpress\/ -->\n<title>TIEMPO Y CONSECUENCIAS - Time &amp; Consequences - The Book<\/title>\n<meta name=\"robots\" content=\"index, follow, max-snippet:-1, max-image-preview:large, max-video-preview:-1\" \/>\n<link rel=\"canonical\" href=\"https:\/\/timeandconsequences.com\/product\/tiempo-y-consecuencias\/\" \/>\n<meta property=\"og:locale\" content=\"es_ES\" \/>\n<meta property=\"og:type\" content=\"article\" \/>\n<meta property=\"og:title\" content=\"TIEMPO Y CONSECUENCIAS - Time &amp; Consequences - The Book\" \/>\n<meta property=\"og:description\" content=\"\u00bfPodr\u00e1 solucionar Turquesa sus problemas de puntualidad? Turquesa Nez Timerhorn parece tenerlo todo. Es preciosa. Tiene muchos amigos y admiradores. Su novio Ed, que tiene un f\u00edsico de supermodelo y, adem\u00e1s de ser el capit\u00e1n del equipo de baloncesto, es tambi\u00e9n el mejor de su clase, la adora. Incluso consigue un trabajo de pr\u00e1cticas excelente. [&hellip;]\" \/>\n<meta property=\"og:url\" content=\"https:\/\/timeandconsequences.com\/product\/tiempo-y-consecuencias\/\" \/>\n<meta property=\"og:site_name\" content=\"Time &amp; Consequences - The Book\" \/>\n<meta property=\"article:modified_time\" content=\"2025-12-19T05:40:12+00:00\" \/>\n<meta property=\"og:image\" content=\"https:\/\/timeandconsequences.com\/wp-content\/uploads\/2025\/09\/b83c4bd4-abd7-4376-a2db-8712841e04b8-1-scaled.jpg\" \/>\n\t<meta property=\"og:image:width\" content=\"1656\" \/>\n\t<meta property=\"og:image:height\" content=\"2560\" \/>\n\t<meta property=\"og:image:type\" content=\"image\/jpeg\" \/>\n<meta name=\"twitter:card\" content=\"summary_large_image\" \/>\n<meta name=\"twitter:label1\" content=\"Tiempo de lectura\" \/>\n\t<meta name=\"twitter:data1\" content=\"1 minuto\" \/>\n<script type=\"application\/ld+json\" class=\"yoast-schema-graph\">{\"@context\":\"https:\\\/\\\/schema.org\",\"@graph\":[{\"@type\":\"WebPage\",\"@id\":\"https:\\\/\\\/timeandconsequences.com\\\/product\\\/tiempo-y-consecuencias\\\/\",\"url\":\"https:\\\/\\\/timeandconsequences.com\\\/product\\\/tiempo-y-consecuencias\\\/\",\"name\":\"TIEMPO Y CONSECUENCIAS - Time &amp; Consequences - The Book\",\"isPartOf\":{\"@id\":\"https:\\\/\\\/timeandconsequences.com\\\/#website\"},\"primaryImageOfPage\":{\"@id\":\"https:\\\/\\\/timeandconsequences.com\\\/product\\\/tiempo-y-consecuencias\\\/#primaryimage\"},\"image\":{\"@id\":\"https:\\\/\\\/timeandconsequences.com\\\/product\\\/tiempo-y-consecuencias\\\/#primaryimage\"},\"thumbnailUrl\":\"https:\\\/\\\/timeandconsequences.com\\\/wp-content\\\/uploads\\\/2025\\\/09\\\/b83c4bd4-abd7-4376-a2db-8712841e04b8-1-scaled.jpg\",\"datePublished\":\"2025-09-10T23:49:30+00:00\",\"dateModified\":\"2025-12-19T05:40:12+00:00\",\"breadcrumb\":{\"@id\":\"https:\\\/\\\/timeandconsequences.com\\\/product\\\/tiempo-y-consecuencias\\\/#breadcrumb\"},\"inLanguage\":\"es\",\"potentialAction\":[{\"@type\":\"ReadAction\",\"target\":[\"https:\\\/\\\/timeandconsequences.com\\\/product\\\/tiempo-y-consecuencias\\\/\"]}]},{\"@type\":\"ImageObject\",\"inLanguage\":\"es\",\"@id\":\"https:\\\/\\\/timeandconsequences.com\\\/product\\\/tiempo-y-consecuencias\\\/#primaryimage\",\"url\":\"https:\\\/\\\/timeandconsequences.com\\\/wp-content\\\/uploads\\\/2025\\\/09\\\/b83c4bd4-abd7-4376-a2db-8712841e04b8-1-scaled.jpg\",\"contentUrl\":\"https:\\\/\\\/timeandconsequences.com\\\/wp-content\\\/uploads\\\/2025\\\/09\\\/b83c4bd4-abd7-4376-a2db-8712841e04b8-1-scaled.jpg\",\"width\":1656,\"height\":2560},{\"@type\":\"BreadcrumbList\",\"@id\":\"https:\\\/\\\/timeandconsequences.com\\\/product\\\/tiempo-y-consecuencias\\\/#breadcrumb\",\"itemListElement\":[{\"@type\":\"ListItem\",\"position\":1,\"name\":\"Home\",\"item\":\"https:\\\/\\\/timeandconsequences.com\\\/es\\\/\"},{\"@type\":\"ListItem\",\"position\":2,\"name\":\"Tienda\",\"item\":\"https:\\\/\\\/timeandconsequences.com\\\/es\\\/tienda\\\/\"},{\"@type\":\"ListItem\",\"position\":3,\"name\":\"TIEMPO Y CONSECUENCIAS\"}]},{\"@type\":\"WebSite\",\"@id\":\"https:\\\/\\\/timeandconsequences.com\\\/#website\",\"url\":\"https:\\\/\\\/timeandconsequences.com\\\/\",\"name\":\"Time and Consequences\",\"description\":\"Time &amp; Consequences\",\"publisher\":{\"@id\":\"https:\\\/\\\/timeandconsequences.com\\\/#organization\"},\"potentialAction\":[{\"@type\":\"SearchAction\",\"target\":{\"@type\":\"EntryPoint\",\"urlTemplate\":\"https:\\\/\\\/timeandconsequences.com\\\/?s={search_term_string}\"},\"query-input\":{\"@type\":\"PropertyValueSpecification\",\"valueRequired\":true,\"valueName\":\"search_term_string\"}}],\"inLanguage\":\"es\"},{\"@type\":\"Organization\",\"@id\":\"https:\\\/\\\/timeandconsequences.com\\\/#organization\",\"name\":\"Success Essentials Publishing Company, Inc.\",\"url\":\"https:\\\/\\\/timeandconsequences.com\\\/\",\"logo\":{\"@type\":\"ImageObject\",\"inLanguage\":\"es\",\"@id\":\"https:\\\/\\\/timeandconsequences.com\\\/#\\\/schema\\\/logo\\\/image\\\/\",\"url\":\"https:\\\/\\\/timeandconsequences.com\\\/wp-content\\\/uploads\\\/2015\\\/04\\\/Logo.png\",\"contentUrl\":\"https:\\\/\\\/timeandconsequences.com\\\/wp-content\\\/uploads\\\/2015\\\/04\\\/Logo.png\",\"width\":333,\"height\":46,\"caption\":\"Success Essentials Publishing Company, Inc.\"},\"image\":{\"@id\":\"https:\\\/\\\/timeandconsequences.com\\\/#\\\/schema\\\/logo\\\/image\\\/\"}}]}<\/script>\n<!-- \/ Yoast SEO plugin. -->","yoast_head_json":{"title":"TIEMPO Y CONSECUENCIAS - Time &amp; Consequences - The Book","robots":{"index":"index","follow":"follow","max-snippet":"max-snippet:-1","max-image-preview":"max-image-preview:large","max-video-preview":"max-video-preview:-1"},"canonical":"https:\/\/timeandconsequences.com\/product\/tiempo-y-consecuencias\/","og_locale":"es_ES","og_type":"article","og_title":"TIEMPO Y CONSECUENCIAS - Time &amp; Consequences - The Book","og_description":"\u00bfPodr\u00e1 solucionar Turquesa sus problemas de puntualidad? Turquesa Nez Timerhorn parece tenerlo todo. Es preciosa. Tiene muchos amigos y admiradores. Su novio Ed, que tiene un f\u00edsico de supermodelo y, adem\u00e1s de ser el capit\u00e1n del equipo de baloncesto, es tambi\u00e9n el mejor de su clase, la adora. Incluso consigue un trabajo de pr\u00e1cticas excelente. [&hellip;]","og_url":"https:\/\/timeandconsequences.com\/product\/tiempo-y-consecuencias\/","og_site_name":"Time &amp; Consequences - The Book","article_modified_time":"2025-12-19T05:40:12+00:00","og_image":[{"width":1656,"height":2560,"url":"https:\/\/timeandconsequences.com\/wp-content\/uploads\/2025\/09\/b83c4bd4-abd7-4376-a2db-8712841e04b8-1-scaled.jpg","type":"image\/jpeg"}],"twitter_card":"summary_large_image","twitter_misc":{"Tiempo de lectura":"1 minuto"},"schema":{"@context":"https:\/\/schema.org","@graph":[{"@type":"WebPage","@id":"https:\/\/timeandconsequences.com\/product\/tiempo-y-consecuencias\/","url":"https:\/\/timeandconsequences.com\/product\/tiempo-y-consecuencias\/","name":"TIEMPO Y CONSECUENCIAS - Time &amp; Consequences - The Book","isPartOf":{"@id":"https:\/\/timeandconsequences.com\/#website"},"primaryImageOfPage":{"@id":"https:\/\/timeandconsequences.com\/product\/tiempo-y-consecuencias\/#primaryimage"},"image":{"@id":"https:\/\/timeandconsequences.com\/product\/tiempo-y-consecuencias\/#primaryimage"},"thumbnailUrl":"https:\/\/timeandconsequences.com\/wp-content\/uploads\/2025\/09\/b83c4bd4-abd7-4376-a2db-8712841e04b8-1-scaled.jpg","datePublished":"2025-09-10T23:49:30+00:00","dateModified":"2025-12-19T05:40:12+00:00","breadcrumb":{"@id":"https:\/\/timeandconsequences.com\/product\/tiempo-y-consecuencias\/#breadcrumb"},"inLanguage":"es","potentialAction":[{"@type":"ReadAction","target":["https:\/\/timeandconsequences.com\/product\/tiempo-y-consecuencias\/"]}]},{"@type":"ImageObject","inLanguage":"es","@id":"https:\/\/timeandconsequences.com\/product\/tiempo-y-consecuencias\/#primaryimage","url":"https:\/\/timeandconsequences.com\/wp-content\/uploads\/2025\/09\/b83c4bd4-abd7-4376-a2db-8712841e04b8-1-scaled.jpg","contentUrl":"https:\/\/timeandconsequences.com\/wp-content\/uploads\/2025\/09\/b83c4bd4-abd7-4376-a2db-8712841e04b8-1-scaled.jpg","width":1656,"height":2560},{"@type":"BreadcrumbList","@id":"https:\/\/timeandconsequences.com\/product\/tiempo-y-consecuencias\/#breadcrumb","itemListElement":[{"@type":"ListItem","position":1,"name":"Home","item":"https:\/\/timeandconsequences.com\/es\/"},{"@type":"ListItem","position":2,"name":"Tienda","item":"https:\/\/timeandconsequences.com\/es\/tienda\/"},{"@type":"ListItem","position":3,"name":"TIEMPO Y CONSECUENCIAS"}]},{"@type":"WebSite","@id":"https:\/\/timeandconsequences.com\/#website","url":"https:\/\/timeandconsequences.com\/","name":"Time and Consequences","description":"Time &amp; Consequences","publisher":{"@id":"https:\/\/timeandconsequences.com\/#organization"},"potentialAction":[{"@type":"SearchAction","target":{"@type":"EntryPoint","urlTemplate":"https:\/\/timeandconsequences.com\/?s={search_term_string}"},"query-input":{"@type":"PropertyValueSpecification","valueRequired":true,"valueName":"search_term_string"}}],"inLanguage":"es"},{"@type":"Organization","@id":"https:\/\/timeandconsequences.com\/#organization","name":"Success Essentials Publishing Company, Inc.","url":"https:\/\/timeandconsequences.com\/","logo":{"@type":"ImageObject","inLanguage":"es","@id":"https:\/\/timeandconsequences.com\/#\/schema\/logo\/image\/","url":"https:\/\/timeandconsequences.com\/wp-content\/uploads\/2015\/04\/Logo.png","contentUrl":"https:\/\/timeandconsequences.com\/wp-content\/uploads\/2015\/04\/Logo.png","width":333,"height":46,"caption":"Success Essentials Publishing Company, Inc."},"image":{"@id":"https:\/\/timeandconsequences.com\/#\/schema\/logo\/image\/"}}]}},"_links":{"self":[{"href":"https:\/\/timeandconsequences.com\/es\/wp-json\/wp\/v2\/product\/10497","targetHints":{"allow":["GET"]}}],"collection":[{"href":"https:\/\/timeandconsequences.com\/es\/wp-json\/wp\/v2\/product"}],"about":[{"href":"https:\/\/timeandconsequences.com\/es\/wp-json\/wp\/v2\/types\/product"}],"replies":[{"embeddable":true,"href":"https:\/\/timeandconsequences.com\/es\/wp-json\/wp\/v2\/comments?post=10497"}],"wp:featuredmedia":[{"embeddable":true,"href":"https:\/\/timeandconsequences.com\/es\/wp-json\/wp\/v2\/media\/10486"}],"wp:attachment":[{"href":"https:\/\/timeandconsequences.com\/es\/wp-json\/wp\/v2\/media?parent=10497"}],"wp:term":[{"taxonomy":"product_brand","embeddable":true,"href":"https:\/\/timeandconsequences.com\/es\/wp-json\/wp\/v2\/product_brand?post=10497"},{"taxonomy":"product_cat","embeddable":true,"href":"https:\/\/timeandconsequences.com\/es\/wp-json\/wp\/v2\/product_cat?post=10497"},{"taxonomy":"product_tag","embeddable":true,"href":"https:\/\/timeandconsequences.com\/es\/wp-json\/wp\/v2\/product_tag?post=10497"}],"curies":[{"name":"wp","href":"https:\/\/api.w.org\/{rel}","templated":true}]}}