{"id":2074,"date":"2015-04-09T17:37:45","date_gmt":"2015-04-09T17:37:45","guid":{"rendered":"https:\/\/timeandconsequences.com\/sobre-el-autor\/"},"modified":"2026-05-07T17:01:25","modified_gmt":"2026-05-07T17:01:25","slug":"sobre-la-autora","status":"publish","type":"page","link":"https:\/\/timeandconsequences.com\/es\/sobre-la-autora\/","title":{"rendered":"Sobre el autor"},"content":{"rendered":"\t\t<div data-elementor-type=\"wp-page\" data-elementor-id=\"2074\" class=\"elementor elementor-2074 elementor-14\" data-elementor-post-type=\"page\">\n\t\t\t\t\t\t<section class=\"elementor-section elementor-top-section elementor-element elementor-element-3ce4cdd elementor-section-height-min-height elementor-section-stretched elementor-section-boxed elementor-section-height-default elementor-section-items-middle\" data-id=\"3ce4cdd\" data-element_type=\"section\" data-e-type=\"section\" data-settings=\"{&quot;stretch_section&quot;:&quot;section-stretched&quot;,&quot;background_background&quot;:&quot;classic&quot;}\">\n\t\t\t\t\t\t\t<div class=\"elementor-background-overlay\"><\/div>\n\t\t\t\t\t\t\t<div class=\"elementor-container elementor-column-gap-default\">\n\t\t\t\t\t<div class=\"elementor-column elementor-col-100 elementor-top-column elementor-element elementor-element-d275170\" data-id=\"d275170\" data-element_type=\"column\" data-e-type=\"column\">\n\t\t\t<div class=\"elementor-widget-wrap elementor-element-populated\">\n\t\t\t\t\t\t<div class=\"elementor-element elementor-element-379a53b elementor-widget elementor-widget-heading\" data-id=\"379a53b\" data-element_type=\"widget\" data-e-type=\"widget\" data-widget_type=\"heading.default\">\n\t\t\t\t<div class=\"elementor-widget-container\">\n\t\t\t\t\t<h1 class=\"elementor-heading-title elementor-size-default\">M. Lauryn Alexander<\/h1>\t\t\t\t<\/div>\n\t\t\t\t<\/div>\n\t\t\t\t\t<\/div>\n\t\t<\/div>\n\t\t\t\t\t<\/div>\n\t\t<\/section>\n\t\t\t\t<section class=\"elementor-section elementor-top-section elementor-element elementor-element-c15cd1e elementor-section-boxed elementor-section-height-default elementor-section-height-default\" data-id=\"c15cd1e\" data-element_type=\"section\" data-e-type=\"section\" id=\"the-author-section\" data-settings=\"{&quot;background_background&quot;:&quot;classic&quot;}\">\n\t\t\t\t\t\t<div class=\"elementor-container elementor-column-gap-custom\">\n\t\t\t\t\t<div class=\"elementor-column elementor-col-50 elementor-top-column elementor-element elementor-element-4c31eb1\" data-id=\"4c31eb1\" data-element_type=\"column\" data-e-type=\"column\">\n\t\t\t<div class=\"elementor-widget-wrap elementor-element-populated\">\n\t\t\t\t\t\t<section class=\"elementor-section elementor-inner-section elementor-element elementor-element-c78a16f elementor-section-boxed elementor-section-height-default elementor-section-height-default\" data-id=\"c78a16f\" data-element_type=\"section\" data-e-type=\"section\">\n\t\t\t\t\t\t<div class=\"elementor-container elementor-column-gap-extended\">\n\t\t\t\t\t<div class=\"elementor-column elementor-col-50 elementor-inner-column elementor-element elementor-element-805a14d\" data-id=\"805a14d\" data-element_type=\"column\" data-e-type=\"column\">\n\t\t\t<div class=\"elementor-widget-wrap elementor-element-populated\">\n\t\t\t\t\t\t<div class=\"elementor-element elementor-element-616fea4 elementor-widget__width-initial elementor-widget elementor-widget-image\" data-id=\"616fea4\" data-element_type=\"widget\" data-e-type=\"widget\" data-widget_type=\"image.default\">\n\t\t\t\t<div class=\"elementor-widget-container\">\n\t\t\t\t\t\t\t\t\t\t\t\t\t\t\t<img fetchpriority=\"high\" decoding=\"async\" width=\"768\" height=\"1024\" src=\"https:\/\/timeandconsequences.com\/wp-content\/uploads\/2026\/05\/headshot-lauryn-768x1024.png\" class=\"attachment-large size-large wp-image-19901\" alt=\"\" srcset=\"https:\/\/timeandconsequences.com\/wp-content\/uploads\/2026\/05\/headshot-lauryn-768x1024.png 768w, https:\/\/timeandconsequences.com\/wp-content\/uploads\/2026\/05\/headshot-lauryn-225x300.png 225w, https:\/\/timeandconsequences.com\/wp-content\/uploads\/2026\/05\/headshot-lauryn-500x667.png 500w, https:\/\/timeandconsequences.com\/wp-content\/uploads\/2026\/05\/headshot-lauryn-700x934.png 700w, https:\/\/timeandconsequences.com\/wp-content\/uploads\/2026\/05\/headshot-lauryn.png 896w\" sizes=\"(max-width: 768px) 100vw, 768px\" \/>\t\t\t\t\t\t\t\t\t\t\t\t\t\t\t<\/div>\n\t\t\t\t<\/div>\n\t\t\t\t\t<\/div>\n\t\t<\/div>\n\t\t\t\t<div class=\"elementor-column elementor-col-50 elementor-inner-column elementor-element elementor-element-8d155ad\" data-id=\"8d155ad\" data-element_type=\"column\" data-e-type=\"column\">\n\t\t\t<div class=\"elementor-widget-wrap elementor-element-populated\">\n\t\t\t\t\t\t<div class=\"elementor-element elementor-element-d14dd07 elementor-widget elementor-widget-heading\" data-id=\"d14dd07\" data-element_type=\"widget\" data-e-type=\"widget\" id=\"author-name\" data-widget_type=\"heading.default\">\n\t\t\t\t<div class=\"elementor-widget-container\">\n\t\t\t\t\t<h2 class=\"elementor-heading-title elementor-size-default\"><span style=\"font-family: Calibri, sans-serif;font-size: 16px\"><span>Educador con Conocimientos de Cumplimiento | Especialista en Revisi\u00f3n de Riesgos de Cumplimiento CR Parte 154 | Proveedor M\/WBE Certificado de NYC<\/span><\/span><\/h2>\t\t\t\t<\/div>\n\t\t\t\t<\/div>\n\t\t\t\t<div class=\"elementor-element elementor-element-5b18320 elementor-widget elementor-widget-text-editor\" data-id=\"5b18320\" data-element_type=\"widget\" data-e-type=\"widget\" id=\"authorl-bio\" data-widget_type=\"text-editor.default\">\n\t\t\t\t<div class=\"elementor-widget-container\">\n\t\t\t\t\t\t\t\t\t<span style=\"font-weight: 400;\">M. Lauryn Alexander es Especialista en Revisi\u00f3n de Riesgos de Cumplimiento de la CR Parte 154, al servicio de las Escuelas P\u00fablicas de la Ciudad de Nueva York. Como fundadora de Success Essentials Inc\u00ae, un proveedor M\/WBE certificado por la ciudad de Nueva York, trabaja con los directores de los centros escolares para identificar, aclarar y reforzar la alineaci\u00f3n con los requisitos de la Parte 154 de la CR mediante una orientaci\u00f3n estructurada y centrada en el cumplimiento, dise\u00f1ada para reducir el riesgo, apoyar las pr\u00e1cticas preparadas para las auditor\u00edas y alinear los programas, la documentaci\u00f3n y los servicios multiling\u00fces con el modo en que se eval\u00faan los centros escolares durante las auditor\u00edas y las revisiones.   <br><br><span style=\"font-weight: 400;\">Conocida por su enfoque claro y sin suposiciones, ayuda a los centros escolares a pasar de la incertidumbre a la claridad, al tiempo que refuerza los resultados defendibles para los alumnos multiling\u00fces. Tambi\u00e9n es autora de la Edici\u00f3n Inglesa Revisada 2023 de la novela   <\/span><i><span style=\"font-weight: 400;\">Tiempo y consecuencias<\/span><\/i><span style=\"font-weight: 400;\"> y la primera edici\u00f3n espa\u00f1ola de 2025 <\/span><i><span style=\"font-weight: 400;\">TIEMPO Y CONSECUENCIAS<\/span><\/i><span style=\"font-weight: 400;\">.<\/span>\t\t\t\t\t\t\t\t<\/div>\n\t\t\t\t<\/div>\n\t\t\t\t\t<\/div>\n\t\t<\/div>\n\t\t\t\t\t<\/div>\n\t\t<\/section>\n\t\t\t\t\t<\/div>\n\t\t<\/div>\n\t\t\t\t<div class=\"elementor-column elementor-col-50 elementor-top-column elementor-element elementor-element-dea95e5 about-community\" data-id=\"dea95e5\" data-element_type=\"column\" data-e-type=\"column\">\n\t\t\t<div class=\"elementor-widget-wrap elementor-element-populated\">\n\t\t\t\t\t\t<div class=\"elementor-element elementor-element-15b1ae3 elementor-widget elementor-widget-heading\" data-id=\"15b1ae3\" data-element_type=\"widget\" data-e-type=\"widget\" data-widget_type=\"heading.default\">\n\t\t\t\t<div class=\"elementor-widget-container\">\n\t\t\t\t\t<h2 class=\"elementor-heading-title elementor-size-default\">\u00danete a nuestra inspiradora comunidad. <\/h2>\t\t\t\t<\/div>\n\t\t\t\t<\/div>\n\t\t\t\t<div class=\"elementor-element elementor-element-6305eec elementor-widget elementor-widget-image\" data-id=\"6305eec\" data-element_type=\"widget\" data-e-type=\"widget\" data-widget_type=\"image.default\">\n\t\t\t\t<div class=\"elementor-widget-container\">\n\t\t\t\t\t\t\t\t\t\t\t\t\t\t\t\t<a href=\"#elementor-action%3Aaction%3Dpopup%3Aopen%26settings%3DeyJpZCI6MjA4OSwidG9nZ2xlIjpmYWxzZX0%3D\">\n\t\t\t\t\t\t\t<img decoding=\"async\" width=\"323\" height=\"500\" src=\"https:\/\/timeandconsequences.com\/wp-content\/uploads\/2018\/12\/front4-5.jpg\" class=\"attachment-large size-large wp-image-2030\" alt=\"\" \/>\t\t\t\t\t\t\t\t<\/a>\n\t\t\t\t\t\t\t\t\t\t\t\t\t\t\t<\/div>\n\t\t\t\t<\/div>\n\t\t\t\t<div class=\"elementor-element elementor-element-8259a90 elementor-widget__width-initial elementor-widget elementor-widget-text-editor\" data-id=\"8259a90\" data-element_type=\"widget\" data-e-type=\"widget\" data-widget_type=\"text-editor.default\">\n\t\t\t\t<div class=\"elementor-widget-container\">\n\t\t\t\t\t\t\t\t\t<p>Tiempo y Consecuencias est\u00e1 disponible para su compra en este sitio web.<\/p>\t\t\t\t\t\t\t\t<\/div>\n\t\t\t\t<\/div>\n\t\t\t\t<div class=\"elementor-element elementor-element-7058656 elementor-widget elementor-widget-image\" data-id=\"7058656\" data-element_type=\"widget\" data-e-type=\"widget\" data-widget_type=\"image.default\">\n\t\t\t\t<div class=\"elementor-widget-container\">\n\t\t\t\t\t\t\t\t\t\t\t\t\t\t\t<img decoding=\"async\" width=\"240\" height=\"320\" src=\"https:\/\/timeandconsequences.com\/wp-content\/uploads\/2017\/01\/image.png\" class=\"attachment-large size-large wp-image-2036\" alt=\"\" srcset=\"https:\/\/timeandconsequences.com\/wp-content\/uploads\/2017\/01\/image.png 240w, https:\/\/timeandconsequences.com\/wp-content\/uploads\/2017\/01\/image-225x300.png 225w, https:\/\/timeandconsequences.com\/wp-content\/uploads\/2017\/01\/image-200x267.png 200w\" sizes=\"(max-width: 240px) 100vw, 240px\" \/>\t\t\t\t\t\t\t\t\t\t\t\t\t\t\t<\/div>\n\t\t\t\t<\/div>\n\t\t\t\t<div class=\"elementor-element elementor-element-e75e6d3 elementor-align-center elementor-widget elementor-widget-button\" data-id=\"e75e6d3\" data-element_type=\"widget\" data-e-type=\"widget\" data-widget_type=\"button.default\">\n\t\t\t\t<div class=\"elementor-widget-container\">\n\t\t\t\t\t\t\t\t\t<div class=\"elementor-button-wrapper\">\n\t\t\t\t\t<a class=\"elementor-button elementor-button-link elementor-size-md elementor-animation-grow\" href=\"https:\/\/timeandconsequences.com\/es\/\">\n\t\t\t\t\t\t<span class=\"elementor-button-content-wrapper\">\n\t\t\t\t\t\t\t\t\t<span class=\"elementor-button-text\">COMPRAR EL LIBRO<\/span>\n\t\t\t\t\t<\/span>\n\t\t\t\t\t<\/a>\n\t\t\t\t<\/div>\n\t\t\t\t\t\t\t\t<\/div>\n\t\t\t\t<\/div>\n\t\t\t\t\t<\/div>\n\t\t<\/div>\n\t\t\t\t\t<\/div>\n\t\t<\/section>\n\t\t\t\t<\/div>\n\t\t","protected":false},"excerpt":{"rendered":"<p>M. Lauryn Alexander Educador con Conocimientos de Cumplimiento | Especialista en Revisi\u00f3n de Riesgos de Cumplimiento CR Parte 154 | Proveedor M\/WBE Certificado de NYC M. Lauryn Alexander es Especialista en Revisi\u00f3n de Riesgos de Cumplimiento de la CR Parte 154, al servicio de las Escuelas P\u00fablicas de la Ciudad de Nueva York. Como fundadora [&hellip;]<\/p>\n","protected":false},"author":1,"featured_media":0,"parent":0,"menu_order":0,"comment_status":"open","ping_status":"closed","template":"elementor_header_footer","meta":{"footnotes":""},"class_list":["post-2074","page","type-page","status-publish","hentry"],"yoast_head":"<!-- This site is optimized with the Yoast SEO plugin v27.5 - https:\/\/yoast.com\/product\/yoast-seo-wordpress\/ -->\n<title>Sobre el autor - Time &amp; Consequences - The Book<\/title>\n<meta name=\"robots\" content=\"index, follow, max-snippet:-1, max-image-preview:large, max-video-preview:-1\" \/>\n<link rel=\"canonical\" href=\"https:\/\/timeandconsequences.com\/es\/sobre-la-autora\/\" \/>\n<meta property=\"og:locale\" content=\"es_ES\" \/>\n<meta property=\"og:type\" content=\"article\" \/>\n<meta property=\"og:title\" content=\"Sobre el autor - Time &amp; Consequences - The Book\" \/>\n<meta property=\"og:description\" content=\"M. Lauryn Alexander Educador con Conocimientos de Cumplimiento | Especialista en Revisi\u00f3n de Riesgos de Cumplimiento CR Parte 154 | Proveedor M\/WBE Certificado de NYC M. Lauryn Alexander es Especialista en Revisi\u00f3n de Riesgos de Cumplimiento de la CR Parte 154, al servicio de las Escuelas P\u00fablicas de la Ciudad de Nueva York. Como fundadora [&hellip;]\" \/>\n<meta property=\"og:url\" content=\"https:\/\/timeandconsequences.com\/es\/sobre-la-autora\/\" \/>\n<meta property=\"og:site_name\" content=\"Time &amp; Consequences - The Book\" \/>\n<meta property=\"article:modified_time\" content=\"2026-05-07T17:01:25+00:00\" \/>\n<meta property=\"og:image\" content=\"https:\/\/timeandconsequences.com\/wp-content\/uploads\/2026\/05\/headshot-lauryn.png\" \/>\n\t<meta property=\"og:image:width\" content=\"896\" \/>\n\t<meta property=\"og:image:height\" content=\"1195\" \/>\n\t<meta property=\"og:image:type\" content=\"image\/png\" \/>\n<meta name=\"twitter:card\" content=\"summary_large_image\" \/>\n<meta name=\"twitter:label1\" content=\"Tiempo de lectura\" \/>\n\t<meta name=\"twitter:data1\" content=\"3 minutos\" \/>\n<script type=\"application\/ld+json\" class=\"yoast-schema-graph\">{\"@context\":\"https:\\\/\\\/schema.org\",\"@graph\":[{\"@type\":\"WebPage\",\"@id\":\"https:\\\/\\\/timeandconsequences.com\\\/es\\\/sobre-la-autora\\\/\",\"url\":\"https:\\\/\\\/timeandconsequences.com\\\/es\\\/sobre-la-autora\\\/\",\"name\":\"Sobre el autor - Time &amp; Consequences - The Book\",\"isPartOf\":{\"@id\":\"https:\\\/\\\/timeandconsequences.com\\\/#website\"},\"primaryImageOfPage\":{\"@id\":\"https:\\\/\\\/timeandconsequences.com\\\/es\\\/sobre-la-autora\\\/#primaryimage\"},\"image\":{\"@id\":\"https:\\\/\\\/timeandconsequences.com\\\/es\\\/sobre-la-autora\\\/#primaryimage\"},\"thumbnailUrl\":\"https:\\\/\\\/timeandconsequences.com\\\/wp-content\\\/uploads\\\/2026\\\/05\\\/headshot-lauryn-768x1024.png\",\"datePublished\":\"2015-04-09T17:37:45+00:00\",\"dateModified\":\"2026-05-07T17:01:25+00:00\",\"breadcrumb\":{\"@id\":\"https:\\\/\\\/timeandconsequences.com\\\/es\\\/sobre-la-autora\\\/#breadcrumb\"},\"inLanguage\":\"es\",\"potentialAction\":[{\"@type\":\"ReadAction\",\"target\":[\"https:\\\/\\\/timeandconsequences.com\\\/es\\\/sobre-la-autora\\\/\"]}]},{\"@type\":\"ImageObject\",\"inLanguage\":\"es\",\"@id\":\"https:\\\/\\\/timeandconsequences.com\\\/es\\\/sobre-la-autora\\\/#primaryimage\",\"url\":\"https:\\\/\\\/timeandconsequences.com\\\/wp-content\\\/uploads\\\/2026\\\/05\\\/headshot-lauryn-768x1024.png\",\"contentUrl\":\"https:\\\/\\\/timeandconsequences.com\\\/wp-content\\\/uploads\\\/2026\\\/05\\\/headshot-lauryn-768x1024.png\"},{\"@type\":\"BreadcrumbList\",\"@id\":\"https:\\\/\\\/timeandconsequences.com\\\/es\\\/sobre-la-autora\\\/#breadcrumb\",\"itemListElement\":[{\"@type\":\"ListItem\",\"position\":1,\"name\":\"Home\",\"item\":\"https:\\\/\\\/timeandconsequences.com\\\/es\\\/\"},{\"@type\":\"ListItem\",\"position\":2,\"name\":\"Sobre el autor\"}]},{\"@type\":\"WebSite\",\"@id\":\"https:\\\/\\\/timeandconsequences.com\\\/#website\",\"url\":\"https:\\\/\\\/timeandconsequences.com\\\/\",\"name\":\"Time and Consequences\",\"description\":\"Time &amp; Consequences\",\"publisher\":{\"@id\":\"https:\\\/\\\/timeandconsequences.com\\\/#organization\"},\"potentialAction\":[{\"@type\":\"SearchAction\",\"target\":{\"@type\":\"EntryPoint\",\"urlTemplate\":\"https:\\\/\\\/timeandconsequences.com\\\/?s={search_term_string}\"},\"query-input\":{\"@type\":\"PropertyValueSpecification\",\"valueRequired\":true,\"valueName\":\"search_term_string\"}}],\"inLanguage\":\"es\"},{\"@type\":\"Organization\",\"@id\":\"https:\\\/\\\/timeandconsequences.com\\\/#organization\",\"name\":\"Success Essentials Publishing Company, Inc.\",\"url\":\"https:\\\/\\\/timeandconsequences.com\\\/\",\"logo\":{\"@type\":\"ImageObject\",\"inLanguage\":\"es\",\"@id\":\"https:\\\/\\\/timeandconsequences.com\\\/#\\\/schema\\\/logo\\\/image\\\/\",\"url\":\"https:\\\/\\\/timeandconsequences.com\\\/wp-content\\\/uploads\\\/2015\\\/04\\\/Logo.png\",\"contentUrl\":\"https:\\\/\\\/timeandconsequences.com\\\/wp-content\\\/uploads\\\/2015\\\/04\\\/Logo.png\",\"width\":333,\"height\":46,\"caption\":\"Success Essentials Publishing Company, Inc.\"},\"image\":{\"@id\":\"https:\\\/\\\/timeandconsequences.com\\\/#\\\/schema\\\/logo\\\/image\\\/\"}}]}<\/script>\n<!-- \/ Yoast SEO plugin. -->","yoast_head_json":{"title":"Sobre el autor - Time &amp; Consequences - The Book","robots":{"index":"index","follow":"follow","max-snippet":"max-snippet:-1","max-image-preview":"max-image-preview:large","max-video-preview":"max-video-preview:-1"},"canonical":"https:\/\/timeandconsequences.com\/es\/sobre-la-autora\/","og_locale":"es_ES","og_type":"article","og_title":"Sobre el autor - Time &amp; Consequences - The Book","og_description":"M. Lauryn Alexander Educador con Conocimientos de Cumplimiento | Especialista en Revisi\u00f3n de Riesgos de Cumplimiento CR Parte 154 | Proveedor M\/WBE Certificado de NYC M. Lauryn Alexander es Especialista en Revisi\u00f3n de Riesgos de Cumplimiento de la CR Parte 154, al servicio de las Escuelas P\u00fablicas de la Ciudad de Nueva York. Como fundadora [&hellip;]","og_url":"https:\/\/timeandconsequences.com\/es\/sobre-la-autora\/","og_site_name":"Time &amp; Consequences - The Book","article_modified_time":"2026-05-07T17:01:25+00:00","og_image":[{"width":896,"height":1195,"url":"https:\/\/timeandconsequences.com\/wp-content\/uploads\/2026\/05\/headshot-lauryn.png","type":"image\/png"}],"twitter_card":"summary_large_image","twitter_misc":{"Tiempo de lectura":"3 minutos"},"schema":{"@context":"https:\/\/schema.org","@graph":[{"@type":"WebPage","@id":"https:\/\/timeandconsequences.com\/es\/sobre-la-autora\/","url":"https:\/\/timeandconsequences.com\/es\/sobre-la-autora\/","name":"Sobre el autor - Time &amp; Consequences - The Book","isPartOf":{"@id":"https:\/\/timeandconsequences.com\/#website"},"primaryImageOfPage":{"@id":"https:\/\/timeandconsequences.com\/es\/sobre-la-autora\/#primaryimage"},"image":{"@id":"https:\/\/timeandconsequences.com\/es\/sobre-la-autora\/#primaryimage"},"thumbnailUrl":"https:\/\/timeandconsequences.com\/wp-content\/uploads\/2026\/05\/headshot-lauryn-768x1024.png","datePublished":"2015-04-09T17:37:45+00:00","dateModified":"2026-05-07T17:01:25+00:00","breadcrumb":{"@id":"https:\/\/timeandconsequences.com\/es\/sobre-la-autora\/#breadcrumb"},"inLanguage":"es","potentialAction":[{"@type":"ReadAction","target":["https:\/\/timeandconsequences.com\/es\/sobre-la-autora\/"]}]},{"@type":"ImageObject","inLanguage":"es","@id":"https:\/\/timeandconsequences.com\/es\/sobre-la-autora\/#primaryimage","url":"https:\/\/timeandconsequences.com\/wp-content\/uploads\/2026\/05\/headshot-lauryn-768x1024.png","contentUrl":"https:\/\/timeandconsequences.com\/wp-content\/uploads\/2026\/05\/headshot-lauryn-768x1024.png"},{"@type":"BreadcrumbList","@id":"https:\/\/timeandconsequences.com\/es\/sobre-la-autora\/#breadcrumb","itemListElement":[{"@type":"ListItem","position":1,"name":"Home","item":"https:\/\/timeandconsequences.com\/es\/"},{"@type":"ListItem","position":2,"name":"Sobre el autor"}]},{"@type":"WebSite","@id":"https:\/\/timeandconsequences.com\/#website","url":"https:\/\/timeandconsequences.com\/","name":"Time and Consequences","description":"Time &amp; Consequences","publisher":{"@id":"https:\/\/timeandconsequences.com\/#organization"},"potentialAction":[{"@type":"SearchAction","target":{"@type":"EntryPoint","urlTemplate":"https:\/\/timeandconsequences.com\/?s={search_term_string}"},"query-input":{"@type":"PropertyValueSpecification","valueRequired":true,"valueName":"search_term_string"}}],"inLanguage":"es"},{"@type":"Organization","@id":"https:\/\/timeandconsequences.com\/#organization","name":"Success Essentials Publishing Company, Inc.","url":"https:\/\/timeandconsequences.com\/","logo":{"@type":"ImageObject","inLanguage":"es","@id":"https:\/\/timeandconsequences.com\/#\/schema\/logo\/image\/","url":"https:\/\/timeandconsequences.com\/wp-content\/uploads\/2015\/04\/Logo.png","contentUrl":"https:\/\/timeandconsequences.com\/wp-content\/uploads\/2015\/04\/Logo.png","width":333,"height":46,"caption":"Success Essentials Publishing Company, Inc."},"image":{"@id":"https:\/\/timeandconsequences.com\/#\/schema\/logo\/image\/"}}]}},"_links":{"self":[{"href":"https:\/\/timeandconsequences.com\/es\/wp-json\/wp\/v2\/pages\/2074","targetHints":{"allow":["GET"]}}],"collection":[{"href":"https:\/\/timeandconsequences.com\/es\/wp-json\/wp\/v2\/pages"}],"about":[{"href":"https:\/\/timeandconsequences.com\/es\/wp-json\/wp\/v2\/types\/page"}],"author":[{"embeddable":true,"href":"https:\/\/timeandconsequences.com\/es\/wp-json\/wp\/v2\/users\/1"}],"replies":[{"embeddable":true,"href":"https:\/\/timeandconsequences.com\/es\/wp-json\/wp\/v2\/comments?post=2074"}],"version-history":[{"count":41,"href":"https:\/\/timeandconsequences.com\/es\/wp-json\/wp\/v2\/pages\/2074\/revisions"}],"predecessor-version":[{"id":19902,"href":"https:\/\/timeandconsequences.com\/es\/wp-json\/wp\/v2\/pages\/2074\/revisions\/19902"}],"wp:attachment":[{"href":"https:\/\/timeandconsequences.com\/es\/wp-json\/wp\/v2\/media?parent=2074"}],"curies":[{"name":"wp","href":"https:\/\/api.w.org\/{rel}","templated":true}]}}