{"id":2073,"date":"2015-04-09T17:38:09","date_gmt":"2015-04-09T17:38:09","guid":{"rendered":"https:\/\/timeandconsequences.com\/eventos\/"},"modified":"2025-09-10T23:39:47","modified_gmt":"2025-09-10T23:39:47","slug":"novedades","status":"publish","type":"page","link":"https:\/\/timeandconsequences.com\/es\/novedades\/","title":{"rendered":"Novedades"},"content":{"rendered":"\t\t<div data-elementor-type=\"wp-page\" data-elementor-id=\"2073\" class=\"elementor elementor-2073 elementor-18\" data-elementor-post-type=\"page\">\n\t\t\t\t\t\t<section class=\"elementor-section elementor-top-section elementor-element elementor-element-7995788 elementor-section-height-min-height elementor-section-stretched elementor-section-boxed elementor-section-height-default elementor-section-items-middle\" data-id=\"7995788\" data-element_type=\"section\" data-e-type=\"section\" data-settings=\"{&quot;stretch_section&quot;:&quot;section-stretched&quot;,&quot;background_background&quot;:&quot;classic&quot;}\">\n\t\t\t\t\t\t\t<div class=\"elementor-background-overlay\"><\/div>\n\t\t\t\t\t\t\t<div class=\"elementor-container elementor-column-gap-default\">\n\t\t\t\t\t<div class=\"elementor-column elementor-col-100 elementor-top-column elementor-element elementor-element-a21a4af\" data-id=\"a21a4af\" data-element_type=\"column\" data-e-type=\"column\">\n\t\t\t<div class=\"elementor-widget-wrap elementor-element-populated\">\n\t\t\t\t\t\t<div class=\"elementor-element elementor-element-2dec45e elementor-widget elementor-widget-heading\" data-id=\"2dec45e\" data-element_type=\"widget\" data-e-type=\"widget\" data-widget_type=\"heading.default\">\n\t\t\t\t<div class=\"elementor-widget-container\">\n\t\t\t\t\t<h1 class=\"elementor-heading-title elementor-size-default\">Novedades<\/h1>\t\t\t\t<\/div>\n\t\t\t\t<\/div>\n\t\t\t\t\t<\/div>\n\t\t<\/div>\n\t\t\t\t\t<\/div>\n\t\t<\/section>\n\t\t\t\t<section class=\"elementor-section elementor-top-section elementor-element elementor-element-5d069b2 elementor-section-boxed elementor-section-height-default elementor-section-height-default\" data-id=\"5d069b2\" data-element_type=\"section\" data-e-type=\"section\" data-settings=\"{&quot;background_background&quot;:&quot;classic&quot;}\">\n\t\t\t\t\t\t<div class=\"elementor-container elementor-column-gap-default\">\n\t\t\t\t\t<div class=\"elementor-column elementor-col-100 elementor-top-column elementor-element elementor-element-60dd318\" data-id=\"60dd318\" data-element_type=\"column\" data-e-type=\"column\">\n\t\t\t<div class=\"elementor-widget-wrap elementor-element-populated\">\n\t\t\t\t\t\t<div class=\"elementor-element elementor-element-4a5a9b3 elementor-widget elementor-widget-heading\" data-id=\"4a5a9b3\" data-element_type=\"widget\" data-e-type=\"widget\" data-widget_type=\"heading.default\">\n\t\t\t\t<div class=\"elementor-widget-container\">\n\t\t\t\t\t<h2 class=\"elementor-heading-title elementor-size-default\">Novedades<\/h2>\t\t\t\t<\/div>\n\t\t\t\t<\/div>\n\t\t\t\t\t<\/div>\n\t\t<\/div>\n\t\t\t\t\t<\/div>\n\t\t<\/section>\n\t\t\t\t<section class=\"elementor-section elementor-top-section elementor-element elementor-element-2ddb8f2 elementor-section-boxed elementor-section-height-default elementor-section-height-default\" data-id=\"2ddb8f2\" data-element_type=\"section\" data-e-type=\"section\" data-settings=\"{&quot;background_background&quot;:&quot;classic&quot;}\">\n\t\t\t\t\t\t<div class=\"elementor-container elementor-column-gap-default\">\n\t\t\t\t\t<div class=\"elementor-column elementor-col-50 elementor-top-column elementor-element elementor-element-96a98c6\" data-id=\"96a98c6\" data-element_type=\"column\" data-e-type=\"column\">\n\t\t\t<div class=\"elementor-widget-wrap elementor-element-populated\">\n\t\t\t\t\t\t<section class=\"elementor-section elementor-inner-section elementor-element elementor-element-2e943d4 elementor-section-boxed elementor-section-height-default elementor-section-height-default\" data-id=\"2e943d4\" data-element_type=\"section\" data-e-type=\"section\">\n\t\t\t\t\t\t<div class=\"elementor-container elementor-column-gap-default\">\n\t\t\t\t\t<div class=\"elementor-column elementor-col-50 elementor-inner-column elementor-element elementor-element-88e7e7c\" data-id=\"88e7e7c\" data-element_type=\"column\" data-e-type=\"column\">\n\t\t\t<div class=\"elementor-widget-wrap elementor-element-populated\">\n\t\t\t\t\t\t<div class=\"elementor-element elementor-element-7b32fe4 elementor-widget elementor-widget-heading\" data-id=\"7b32fe4\" data-element_type=\"widget\" data-e-type=\"widget\" data-widget_type=\"heading.default\">\n\t\t\t\t<div class=\"elementor-widget-container\">\n\t\t\t\t\t<h2 class=\"elementor-heading-title elementor-size-default\">Edici\u00f3n revisada<\/h2>\t\t\t\t<\/div>\n\t\t\t\t<\/div>\n\t\t\t\t<div class=\"elementor-element elementor-element-7968bf5 elementor-widget elementor-widget-heading\" data-id=\"7968bf5\" data-element_type=\"widget\" data-e-type=\"widget\" data-widget_type=\"heading.default\">\n\t\t\t\t<div class=\"elementor-widget-container\">\n\t\t\t\t\t<h2 class=\"elementor-heading-title elementor-size-default\"><span style=\"font-weight: normal\">La edici\u00f3n revisada en r\u00fastica en ingl\u00e9s de 2023 de TIEMPO Y CONSECUENCIAS sali\u00f3 a la venta el D\u00eda Mundial de la Narraci\u00f3n, el 20 de marzo de 2024.<\/span><\/h2>\t\t\t\t<\/div>\n\t\t\t\t<\/div>\n\t\t\t\t\t<\/div>\n\t\t<\/div>\n\t\t\t\t<div class=\"elementor-column elementor-col-50 elementor-inner-column elementor-element elementor-element-867913e\" data-id=\"867913e\" data-element_type=\"column\" data-e-type=\"column\">\n\t\t\t<div class=\"elementor-widget-wrap elementor-element-populated\">\n\t\t\t\t\t\t<div class=\"elementor-element elementor-element-ffbf634 elementor-widget__width-initial elementor-widget elementor-widget-image\" data-id=\"ffbf634\" data-element_type=\"widget\" data-e-type=\"widget\" data-widget_type=\"image.default\">\n\t\t\t\t<div class=\"elementor-widget-container\">\n\t\t\t\t\t\t\t\t\t\t\t\t\t\t\t<img fetchpriority=\"high\" decoding=\"async\" width=\"622\" height=\"965\" src=\"https:\/\/timeandconsequences.com\/wp-content\/uploads\/2024\/03\/TC-paperback-e1709846751560.png\" class=\"attachment-full size-full wp-image-2058\" alt=\"\" srcset=\"https:\/\/timeandconsequences.com\/wp-content\/uploads\/2024\/03\/TC-paperback-e1709846751560.png 622w, https:\/\/timeandconsequences.com\/wp-content\/uploads\/2024\/03\/TC-paperback-e1709846751560-193x300.png 193w, https:\/\/timeandconsequences.com\/wp-content\/uploads\/2024\/03\/TC-paperback-e1709846751560-200x310.png 200w, https:\/\/timeandconsequences.com\/wp-content\/uploads\/2024\/03\/TC-paperback-e1709846751560-400x621.png 400w, https:\/\/timeandconsequences.com\/wp-content\/uploads\/2024\/03\/TC-paperback-e1709846751560-600x931.png 600w, https:\/\/timeandconsequences.com\/wp-content\/uploads\/2024\/03\/TC-paperback-e1709846751560-500x776.png 500w\" sizes=\"(max-width: 622px) 100vw, 622px\" \/>\t\t\t\t\t\t\t\t\t\t\t\t\t\t\t<\/div>\n\t\t\t\t<\/div>\n\t\t\t\t\t<\/div>\n\t\t<\/div>\n\t\t\t\t\t<\/div>\n\t\t<\/section>\n\t\t\t\t\t<\/div>\n\t\t<\/div>\n\t\t\t\t<div class=\"elementor-column elementor-col-50 elementor-top-column elementor-element elementor-element-522b6a7\" data-id=\"522b6a7\" data-element_type=\"column\" data-e-type=\"column\">\n\t\t\t<div class=\"elementor-widget-wrap elementor-element-populated\">\n\t\t\t\t\t\t<section class=\"elementor-section elementor-inner-section elementor-element elementor-element-3d54dfe elementor-section-boxed elementor-section-height-default elementor-section-height-default\" data-id=\"3d54dfe\" data-element_type=\"section\" data-e-type=\"section\">\n\t\t\t\t\t\t<div class=\"elementor-container elementor-column-gap-default\">\n\t\t\t\t\t<div class=\"elementor-column elementor-col-50 elementor-inner-column elementor-element elementor-element-ca08794\" data-id=\"ca08794\" data-element_type=\"column\" data-e-type=\"column\">\n\t\t\t<div class=\"elementor-widget-wrap elementor-element-populated\">\n\t\t\t\t\t\t<div class=\"elementor-element elementor-element-c7300a6 elementor-widget elementor-widget-heading\" data-id=\"c7300a6\" data-element_type=\"widget\" data-e-type=\"widget\" data-widget_type=\"heading.default\">\n\t\t\t\t<div class=\"elementor-widget-container\">\n\t\t\t\t\t<h2 class=\"elementor-heading-title elementor-size-default\">Edici\u00f3n espa\u00f1ola<\/h2>\t\t\t\t<\/div>\n\t\t\t\t<\/div>\n\t\t\t\t<div class=\"elementor-element elementor-element-8cc3390 elementor-widget elementor-widget-heading\" data-id=\"8cc3390\" data-element_type=\"widget\" data-e-type=\"widget\" data-widget_type=\"heading.default\">\n\t\t\t\t<div class=\"elementor-widget-container\">\n\t\t\t\t\t<h2 class=\"elementor-heading-title elementor-size-default\">La primera edici\u00f3n en espa\u00f1ol de TIEMPO Y CONSECUENCIAS.<\/h2>\t\t\t\t<\/div>\n\t\t\t\t<\/div>\n\t\t\t\t\t<\/div>\n\t\t<\/div>\n\t\t\t\t<div class=\"elementor-column elementor-col-50 elementor-inner-column elementor-element elementor-element-59d0042\" data-id=\"59d0042\" data-element_type=\"column\" data-e-type=\"column\">\n\t\t\t<div class=\"elementor-widget-wrap elementor-element-populated\">\n\t\t\t\t\t\t<div class=\"elementor-element elementor-element-43604a4 elementor-widget elementor-widget-image\" data-id=\"43604a4\" data-element_type=\"widget\" data-e-type=\"widget\" data-widget_type=\"image.default\">\n\t\t\t\t<div class=\"elementor-widget-container\">\n\t\t\t\t\t\t\t\t\t\t\t\t\t\t\t<img decoding=\"async\" width=\"663\" height=\"1024\" src=\"https:\/\/timeandconsequences.com\/wp-content\/uploads\/2025\/09\/b83c4bd4-abd7-4376-a2db-8712841e04b8-1-663x1024.jpg\" class=\"attachment-large size-large wp-image-10485\" alt=\"\" srcset=\"https:\/\/timeandconsequences.com\/wp-content\/uploads\/2025\/09\/b83c4bd4-abd7-4376-a2db-8712841e04b8-1-663x1024.jpg 663w, https:\/\/timeandconsequences.com\/wp-content\/uploads\/2025\/09\/b83c4bd4-abd7-4376-a2db-8712841e04b8-1-194x300.jpg 194w, https:\/\/timeandconsequences.com\/wp-content\/uploads\/2025\/09\/b83c4bd4-abd7-4376-a2db-8712841e04b8-1-768x1187.jpg 768w, https:\/\/timeandconsequences.com\/wp-content\/uploads\/2025\/09\/b83c4bd4-abd7-4376-a2db-8712841e04b8-1-994x1536.jpg 994w, https:\/\/timeandconsequences.com\/wp-content\/uploads\/2025\/09\/b83c4bd4-abd7-4376-a2db-8712841e04b8-1-1325x2048.jpg 1325w, https:\/\/timeandconsequences.com\/wp-content\/uploads\/2025\/09\/b83c4bd4-abd7-4376-a2db-8712841e04b8-1-200x309.jpg 200w, https:\/\/timeandconsequences.com\/wp-content\/uploads\/2025\/09\/b83c4bd4-abd7-4376-a2db-8712841e04b8-1-400x618.jpg 400w, https:\/\/timeandconsequences.com\/wp-content\/uploads\/2025\/09\/b83c4bd4-abd7-4376-a2db-8712841e04b8-1-600x927.jpg 600w, https:\/\/timeandconsequences.com\/wp-content\/uploads\/2025\/09\/b83c4bd4-abd7-4376-a2db-8712841e04b8-1-800x1236.jpg 800w, https:\/\/timeandconsequences.com\/wp-content\/uploads\/2025\/09\/b83c4bd4-abd7-4376-a2db-8712841e04b8-1-1200x1855.jpg 1200w, https:\/\/timeandconsequences.com\/wp-content\/uploads\/2025\/09\/b83c4bd4-abd7-4376-a2db-8712841e04b8-1-500x773.jpg 500w, https:\/\/timeandconsequences.com\/wp-content\/uploads\/2025\/09\/b83c4bd4-abd7-4376-a2db-8712841e04b8-1-700x1082.jpg 700w, https:\/\/timeandconsequences.com\/wp-content\/uploads\/2025\/09\/b83c4bd4-abd7-4376-a2db-8712841e04b8-1-scaled.jpg 1656w\" sizes=\"(max-width: 663px) 100vw, 663px\" \/>\t\t\t\t\t\t\t\t\t\t\t\t\t\t\t<\/div>\n\t\t\t\t<\/div>\n\t\t\t\t\t<\/div>\n\t\t<\/div>\n\t\t\t\t\t<\/div>\n\t\t<\/section>\n\t\t\t\t\t<\/div>\n\t\t<\/div>\n\t\t\t\t\t<\/div>\n\t\t<\/section>\n\t\t\t\t<section class=\"elementor-section elementor-top-section elementor-element elementor-element-c4e0ba9 elementor-section-boxed elementor-section-height-default elementor-section-height-default\" data-id=\"c4e0ba9\" data-element_type=\"section\" data-e-type=\"section\" data-settings=\"{&quot;background_background&quot;:&quot;classic&quot;}\">\n\t\t\t\t\t\t<div class=\"elementor-container elementor-column-gap-default\">\n\t\t\t\t\t<div class=\"elementor-column elementor-col-50 elementor-top-column elementor-element elementor-element-ffe7c9d\" data-id=\"ffe7c9d\" data-element_type=\"column\" data-e-type=\"column\">\n\t\t\t<div class=\"elementor-widget-wrap elementor-element-populated\">\n\t\t\t\t\t\t<div class=\"elementor-element elementor-element-5bf2925 elementor-widget__width-initial elementor-widget elementor-widget-image\" data-id=\"5bf2925\" data-element_type=\"widget\" data-e-type=\"widget\" data-widget_type=\"image.default\">\n\t\t\t\t<div class=\"elementor-widget-container\">\n\t\t\t\t\t\t\t\t\t\t\t\t\t\t\t<img decoding=\"async\" width=\"713\" height=\"1024\" src=\"https:\/\/timeandconsequences.com\/wp-content\/uploads\/2024\/03\/TC-Kindle-e1709847291591-713x1024.png\" class=\"attachment-large size-large wp-image-2061\" alt=\"\" srcset=\"https:\/\/timeandconsequences.com\/wp-content\/uploads\/2024\/03\/TC-Kindle-e1709847291591-713x1024.png 713w, https:\/\/timeandconsequences.com\/wp-content\/uploads\/2024\/03\/TC-Kindle-e1709847291591-209x300.png 209w, https:\/\/timeandconsequences.com\/wp-content\/uploads\/2024\/03\/TC-Kindle-e1709847291591-768x1103.png 768w, https:\/\/timeandconsequences.com\/wp-content\/uploads\/2024\/03\/TC-Kindle-e1709847291591-200x287.png 200w, https:\/\/timeandconsequences.com\/wp-content\/uploads\/2024\/03\/TC-Kindle-e1709847291591-400x575.png 400w, https:\/\/timeandconsequences.com\/wp-content\/uploads\/2024\/03\/TC-Kindle-e1709847291591-600x862.png 600w, https:\/\/timeandconsequences.com\/wp-content\/uploads\/2024\/03\/TC-Kindle-e1709847291591-500x718.png 500w, https:\/\/timeandconsequences.com\/wp-content\/uploads\/2024\/03\/TC-Kindle-e1709847291591-700x1006.png 700w, https:\/\/timeandconsequences.com\/wp-content\/uploads\/2024\/03\/TC-Kindle-e1709847291591.png 795w\" sizes=\"(max-width: 713px) 100vw, 713px\" \/>\t\t\t\t\t\t\t\t\t\t\t\t\t\t\t<\/div>\n\t\t\t\t<\/div>\n\t\t\t\t\t<\/div>\n\t\t<\/div>\n\t\t\t\t<div class=\"elementor-column elementor-col-50 elementor-top-column elementor-element elementor-element-647c008\" data-id=\"647c008\" data-element_type=\"column\" data-e-type=\"column\">\n\t\t\t<div class=\"elementor-widget-wrap elementor-element-populated\">\n\t\t\t\t\t\t<div class=\"elementor-element elementor-element-9d798c7 elementor-widget elementor-widget-heading\" data-id=\"9d798c7\" data-element_type=\"widget\" data-e-type=\"widget\" data-widget_type=\"heading.default\">\n\t\t\t\t<div class=\"elementor-widget-container\">\n\t\t\t\t\t<h2 class=\"elementor-heading-title elementor-size-default\">El libro electr\u00f3nico ya est\u00e1 a la venta en Amazon.<\/h2>\t\t\t\t<\/div>\n\t\t\t\t<\/div>\n\t\t\t\t<div class=\"elementor-element elementor-element-8f71b6e elementor-widget__width-auto elementor-align-left elementor-widget elementor-widget-button\" data-id=\"8f71b6e\" data-element_type=\"widget\" data-e-type=\"widget\" data-widget_type=\"button.default\">\n\t\t\t\t<div class=\"elementor-widget-container\">\n\t\t\t\t\t\t\t\t\t<div class=\"elementor-button-wrapper\">\n\t\t\t\t\t<a class=\"elementor-button elementor-button-link elementor-size-md elementor-animation-grow\" href=\"https:\/\/www.amazon.com\/Time-Consequences-Revised-2023-English-ebook\/dp\/B0CRGJ4J8M\/ref=sr_1_1?crid=4VU40F0JDVFF&#038;dib=eyJ2IjoiMSJ9._HydwyGl-gnl5bTCn8D1Fw.SgPoGQBV386gGwTnRZAgHnRosvt9viRW98hxHUzdJdw&#038;dib_tag=se&#038;keywords=m+lauryn+alexander+time+and+consequences&#038;qid=1708637630&#038;sprefix=%2Caps%2C115&#038;sr=8-1\">\n\t\t\t\t\t\t<span class=\"elementor-button-content-wrapper\">\n\t\t\t\t\t\t\t\t\t<span class=\"elementor-button-text\">CONSIGUE LA VERSI\u00d3N EBOOK<\/span>\n\t\t\t\t\t<\/span>\n\t\t\t\t\t<\/a>\n\t\t\t\t<\/div>\n\t\t\t\t\t\t\t\t<\/div>\n\t\t\t\t<\/div>\n\t\t\t\t\t<\/div>\n\t\t<\/div>\n\t\t\t\t\t<\/div>\n\t\t<\/section>\n\t\t\t\t<\/div>\n\t\t","protected":false},"excerpt":{"rendered":"<p>Novedades Novedades Edici\u00f3n revisada La edici\u00f3n revisada en r\u00fastica en ingl\u00e9s de 2023 de TIEMPO Y CONSECUENCIAS sali\u00f3 a la venta el D\u00eda Mundial de la Narraci\u00f3n, el 20 de marzo de 2024. Edici\u00f3n espa\u00f1ola La primera edici\u00f3n en espa\u00f1ol de TIEMPO Y CONSECUENCIAS. El libro electr\u00f3nico ya est\u00e1 a la venta en Amazon. CONSIGUE [&hellip;]<\/p>\n","protected":false},"author":1,"featured_media":0,"parent":0,"menu_order":0,"comment_status":"open","ping_status":"closed","template":"elementor_header_footer","meta":{"footnotes":""},"class_list":["post-2073","page","type-page","status-publish","hentry"],"yoast_head":"<!-- This site is optimized with the Yoast SEO plugin v27.3 - https:\/\/yoast.com\/product\/yoast-seo-wordpress\/ -->\n<title>Novedades - Time &amp; Consequences - The Book<\/title>\n<meta name=\"robots\" content=\"index, follow, max-snippet:-1, max-image-preview:large, max-video-preview:-1\" \/>\n<link rel=\"canonical\" href=\"https:\/\/timeandconsequences.com\/es\/novedades\/\" \/>\n<meta property=\"og:locale\" content=\"es_ES\" \/>\n<meta property=\"og:type\" content=\"article\" \/>\n<meta property=\"og:title\" content=\"Novedades - Time &amp; Consequences - The Book\" \/>\n<meta property=\"og:description\" content=\"Novedades Novedades Edici\u00f3n revisada La edici\u00f3n revisada en r\u00fastica en ingl\u00e9s de 2023 de TIEMPO Y CONSECUENCIAS sali\u00f3 a la venta el D\u00eda Mundial de la Narraci\u00f3n, el 20 de marzo de 2024. Edici\u00f3n espa\u00f1ola La primera edici\u00f3n en espa\u00f1ol de TIEMPO Y CONSECUENCIAS. El libro electr\u00f3nico ya est\u00e1 a la venta en Amazon. CONSIGUE [&hellip;]\" \/>\n<meta property=\"og:url\" content=\"https:\/\/timeandconsequences.com\/es\/novedades\/\" \/>\n<meta property=\"og:site_name\" content=\"Time &amp; Consequences - The Book\" \/>\n<meta property=\"article:modified_time\" content=\"2025-09-10T23:39:47+00:00\" \/>\n<meta property=\"og:image\" content=\"https:\/\/timeandconsequences.com\/wp-content\/uploads\/2024\/03\/TC-paperback-e1709846751560.png\" \/>\n\t<meta property=\"og:image:width\" content=\"622\" \/>\n\t<meta property=\"og:image:height\" content=\"965\" \/>\n\t<meta property=\"og:image:type\" content=\"image\/png\" \/>\n<meta name=\"twitter:card\" content=\"summary_large_image\" \/>\n<meta name=\"twitter:label1\" content=\"Tiempo de lectura\" \/>\n\t<meta name=\"twitter:data1\" content=\"1 minuto\" \/>\n<script type=\"application\/ld+json\" class=\"yoast-schema-graph\">{\"@context\":\"https:\\\/\\\/schema.org\",\"@graph\":[{\"@type\":\"WebPage\",\"@id\":\"https:\\\/\\\/timeandconsequences.com\\\/es\\\/novedades\\\/\",\"url\":\"https:\\\/\\\/timeandconsequences.com\\\/es\\\/novedades\\\/\",\"name\":\"Novedades - Time &amp; Consequences - The Book\",\"isPartOf\":{\"@id\":\"https:\\\/\\\/timeandconsequences.com\\\/#website\"},\"primaryImageOfPage\":{\"@id\":\"https:\\\/\\\/timeandconsequences.com\\\/es\\\/novedades\\\/#primaryimage\"},\"image\":{\"@id\":\"https:\\\/\\\/timeandconsequences.com\\\/es\\\/novedades\\\/#primaryimage\"},\"thumbnailUrl\":\"https:\\\/\\\/timeandconsequences.com\\\/wp-content\\\/uploads\\\/2024\\\/03\\\/TC-paperback-e1709846751560.png\",\"datePublished\":\"2015-04-09T17:38:09+00:00\",\"dateModified\":\"2025-09-10T23:39:47+00:00\",\"breadcrumb\":{\"@id\":\"https:\\\/\\\/timeandconsequences.com\\\/es\\\/novedades\\\/#breadcrumb\"},\"inLanguage\":\"es\",\"potentialAction\":[{\"@type\":\"ReadAction\",\"target\":[\"https:\\\/\\\/timeandconsequences.com\\\/es\\\/novedades\\\/\"]}]},{\"@type\":\"ImageObject\",\"inLanguage\":\"es\",\"@id\":\"https:\\\/\\\/timeandconsequences.com\\\/es\\\/novedades\\\/#primaryimage\",\"url\":\"https:\\\/\\\/timeandconsequences.com\\\/wp-content\\\/uploads\\\/2024\\\/03\\\/TC-paperback-e1709846751560.png\",\"contentUrl\":\"https:\\\/\\\/timeandconsequences.com\\\/wp-content\\\/uploads\\\/2024\\\/03\\\/TC-paperback-e1709846751560.png\"},{\"@type\":\"BreadcrumbList\",\"@id\":\"https:\\\/\\\/timeandconsequences.com\\\/es\\\/novedades\\\/#breadcrumb\",\"itemListElement\":[{\"@type\":\"ListItem\",\"position\":1,\"name\":\"Home\",\"item\":\"https:\\\/\\\/timeandconsequences.com\\\/es\\\/\"},{\"@type\":\"ListItem\",\"position\":2,\"name\":\"Novedades\"}]},{\"@type\":\"WebSite\",\"@id\":\"https:\\\/\\\/timeandconsequences.com\\\/#website\",\"url\":\"https:\\\/\\\/timeandconsequences.com\\\/\",\"name\":\"Time and Consequences\",\"description\":\"Time &amp; Consequences\",\"publisher\":{\"@id\":\"https:\\\/\\\/timeandconsequences.com\\\/#organization\"},\"potentialAction\":[{\"@type\":\"SearchAction\",\"target\":{\"@type\":\"EntryPoint\",\"urlTemplate\":\"https:\\\/\\\/timeandconsequences.com\\\/?s={search_term_string}\"},\"query-input\":{\"@type\":\"PropertyValueSpecification\",\"valueRequired\":true,\"valueName\":\"search_term_string\"}}],\"inLanguage\":\"es\"},{\"@type\":\"Organization\",\"@id\":\"https:\\\/\\\/timeandconsequences.com\\\/#organization\",\"name\":\"Success Essentials Publishing Company, Inc.\",\"url\":\"https:\\\/\\\/timeandconsequences.com\\\/\",\"logo\":{\"@type\":\"ImageObject\",\"inLanguage\":\"es\",\"@id\":\"https:\\\/\\\/timeandconsequences.com\\\/#\\\/schema\\\/logo\\\/image\\\/\",\"url\":\"https:\\\/\\\/timeandconsequences.com\\\/wp-content\\\/uploads\\\/2015\\\/04\\\/Logo.png\",\"contentUrl\":\"https:\\\/\\\/timeandconsequences.com\\\/wp-content\\\/uploads\\\/2015\\\/04\\\/Logo.png\",\"width\":333,\"height\":46,\"caption\":\"Success Essentials Publishing Company, Inc.\"},\"image\":{\"@id\":\"https:\\\/\\\/timeandconsequences.com\\\/#\\\/schema\\\/logo\\\/image\\\/\"}}]}<\/script>\n<!-- \/ Yoast SEO plugin. -->","yoast_head_json":{"title":"Novedades - Time &amp; Consequences - The Book","robots":{"index":"index","follow":"follow","max-snippet":"max-snippet:-1","max-image-preview":"max-image-preview:large","max-video-preview":"max-video-preview:-1"},"canonical":"https:\/\/timeandconsequences.com\/es\/novedades\/","og_locale":"es_ES","og_type":"article","og_title":"Novedades - Time &amp; Consequences - The Book","og_description":"Novedades Novedades Edici\u00f3n revisada La edici\u00f3n revisada en r\u00fastica en ingl\u00e9s de 2023 de TIEMPO Y CONSECUENCIAS sali\u00f3 a la venta el D\u00eda Mundial de la Narraci\u00f3n, el 20 de marzo de 2024. Edici\u00f3n espa\u00f1ola La primera edici\u00f3n en espa\u00f1ol de TIEMPO Y CONSECUENCIAS. El libro electr\u00f3nico ya est\u00e1 a la venta en Amazon. CONSIGUE [&hellip;]","og_url":"https:\/\/timeandconsequences.com\/es\/novedades\/","og_site_name":"Time &amp; Consequences - The Book","article_modified_time":"2025-09-10T23:39:47+00:00","og_image":[{"width":622,"height":965,"url":"https:\/\/timeandconsequences.com\/wp-content\/uploads\/2024\/03\/TC-paperback-e1709846751560.png","type":"image\/png"}],"twitter_card":"summary_large_image","twitter_misc":{"Tiempo de lectura":"1 minuto"},"schema":{"@context":"https:\/\/schema.org","@graph":[{"@type":"WebPage","@id":"https:\/\/timeandconsequences.com\/es\/novedades\/","url":"https:\/\/timeandconsequences.com\/es\/novedades\/","name":"Novedades - Time &amp; Consequences - The Book","isPartOf":{"@id":"https:\/\/timeandconsequences.com\/#website"},"primaryImageOfPage":{"@id":"https:\/\/timeandconsequences.com\/es\/novedades\/#primaryimage"},"image":{"@id":"https:\/\/timeandconsequences.com\/es\/novedades\/#primaryimage"},"thumbnailUrl":"https:\/\/timeandconsequences.com\/wp-content\/uploads\/2024\/03\/TC-paperback-e1709846751560.png","datePublished":"2015-04-09T17:38:09+00:00","dateModified":"2025-09-10T23:39:47+00:00","breadcrumb":{"@id":"https:\/\/timeandconsequences.com\/es\/novedades\/#breadcrumb"},"inLanguage":"es","potentialAction":[{"@type":"ReadAction","target":["https:\/\/timeandconsequences.com\/es\/novedades\/"]}]},{"@type":"ImageObject","inLanguage":"es","@id":"https:\/\/timeandconsequences.com\/es\/novedades\/#primaryimage","url":"https:\/\/timeandconsequences.com\/wp-content\/uploads\/2024\/03\/TC-paperback-e1709846751560.png","contentUrl":"https:\/\/timeandconsequences.com\/wp-content\/uploads\/2024\/03\/TC-paperback-e1709846751560.png"},{"@type":"BreadcrumbList","@id":"https:\/\/timeandconsequences.com\/es\/novedades\/#breadcrumb","itemListElement":[{"@type":"ListItem","position":1,"name":"Home","item":"https:\/\/timeandconsequences.com\/es\/"},{"@type":"ListItem","position":2,"name":"Novedades"}]},{"@type":"WebSite","@id":"https:\/\/timeandconsequences.com\/#website","url":"https:\/\/timeandconsequences.com\/","name":"Time and Consequences","description":"Time &amp; Consequences","publisher":{"@id":"https:\/\/timeandconsequences.com\/#organization"},"potentialAction":[{"@type":"SearchAction","target":{"@type":"EntryPoint","urlTemplate":"https:\/\/timeandconsequences.com\/?s={search_term_string}"},"query-input":{"@type":"PropertyValueSpecification","valueRequired":true,"valueName":"search_term_string"}}],"inLanguage":"es"},{"@type":"Organization","@id":"https:\/\/timeandconsequences.com\/#organization","name":"Success Essentials Publishing Company, Inc.","url":"https:\/\/timeandconsequences.com\/","logo":{"@type":"ImageObject","inLanguage":"es","@id":"https:\/\/timeandconsequences.com\/#\/schema\/logo\/image\/","url":"https:\/\/timeandconsequences.com\/wp-content\/uploads\/2015\/04\/Logo.png","contentUrl":"https:\/\/timeandconsequences.com\/wp-content\/uploads\/2015\/04\/Logo.png","width":333,"height":46,"caption":"Success Essentials Publishing Company, Inc."},"image":{"@id":"https:\/\/timeandconsequences.com\/#\/schema\/logo\/image\/"}}]}},"_links":{"self":[{"href":"https:\/\/timeandconsequences.com\/es\/wp-json\/wp\/v2\/pages\/2073","targetHints":{"allow":["GET"]}}],"collection":[{"href":"https:\/\/timeandconsequences.com\/es\/wp-json\/wp\/v2\/pages"}],"about":[{"href":"https:\/\/timeandconsequences.com\/es\/wp-json\/wp\/v2\/types\/page"}],"author":[{"embeddable":true,"href":"https:\/\/timeandconsequences.com\/es\/wp-json\/wp\/v2\/users\/1"}],"replies":[{"embeddable":true,"href":"https:\/\/timeandconsequences.com\/es\/wp-json\/wp\/v2\/comments?post=2073"}],"version-history":[{"count":7,"href":"https:\/\/timeandconsequences.com\/es\/wp-json\/wp\/v2\/pages\/2073\/revisions"}],"predecessor-version":[{"id":10492,"href":"https:\/\/timeandconsequences.com\/es\/wp-json\/wp\/v2\/pages\/2073\/revisions\/10492"}],"wp:attachment":[{"href":"https:\/\/timeandconsequences.com\/es\/wp-json\/wp\/v2\/media?parent=2073"}],"curies":[{"name":"wp","href":"https:\/\/api.w.org\/{rel}","templated":true}]}}